{"id":98,"date":"2019-05-21T18:38:26","date_gmt":"2019-05-21T16:38:26","guid":{"rendered":"http:\/\/ko.xon.pl\/?page_id=98"},"modified":"2021-05-22T10:59:31","modified_gmt":"2021-05-22T08:59:31","slug":"o-nas","status":"publish","type":"page","link":"https:\/\/ko-remonty.pl\/cs\/o-nas\/","title":{"rendered":"O n\u00e1s"},"content":{"rendered":"\t\t<div data-elementor-type=\"wp-post\" data-elementor-id=\"98\" class=\"elementor elementor-98\" data-elementor-post-type=\"page\">\n\t\t\t\t\t\t<section class=\"elementor-section elementor-top-section elementor-element elementor-element-928128f elementor-section-full_width elementor-section-content-middle elementor-section-height-default elementor-section-height-default\" data-id=\"928128f\" data-element_type=\"section\" data-e-type=\"section\" data-settings=\"{&quot;background_background&quot;:&quot;classic&quot;,&quot;background_motion_fx_motion_fx_scrolling&quot;:&quot;yes&quot;,&quot;background_motion_fx_translateY_effect&quot;:&quot;yes&quot;,&quot;background_motion_fx_translateY_speed&quot;:{&quot;unit&quot;:&quot;px&quot;,&quot;size&quot;:5,&quot;sizes&quot;:[]},&quot;background_motion_fx_devices&quot;:[&quot;desktop&quot;],&quot;background_motion_fx_translateY_affectedRange&quot;:{&quot;unit&quot;:&quot;%&quot;,&quot;size&quot;:&quot;&quot;,&quot;sizes&quot;:{&quot;start&quot;:0,&quot;end&quot;:100}}}\">\n\t\t\t\t\t\t\t<div class=\"elementor-background-overlay\"><\/div>\n\t\t\t\t\t\t\t<div class=\"elementor-container elementor-column-gap-default\">\n\t\t\t\t\t<div class=\"elementor-column elementor-col-100 elementor-top-column elementor-element elementor-element-b34e33d\" data-id=\"b34e33d\" data-element_type=\"column\" data-e-type=\"column\">\n\t\t\t<div class=\"elementor-widget-wrap elementor-element-populated\">\n\t\t\t\t\t\t<div class=\"elementor-element elementor-element-8439e30 elementor-widget elementor-widget-heading\" data-id=\"8439e30\" data-element_type=\"widget\" data-e-type=\"widget\" data-widget_type=\"heading.default\">\n\t\t\t\t<div class=\"elementor-widget-container\">\n\t\t\t\t\t<h2 class=\"elementor-heading-title elementor-size-large\">O NAS<\/h2>\t\t\t\t<\/div>\n\t\t\t\t<\/div>\n\t\t\t\t\t<\/div>\n\t\t<\/div>\n\t\t\t\t\t<\/div>\n\t\t<\/section>\n\t\t\t\t<section class=\"elementor-section elementor-top-section elementor-element elementor-element-1f59a93e elementor-section-content-middle elementor-reverse-mobile elementor-section-boxed elementor-section-height-default elementor-section-height-default\" data-id=\"1f59a93e\" data-element_type=\"section\" data-e-type=\"section\" data-settings=\"{&quot;background_background&quot;:&quot;classic&quot;}\">\n\t\t\t\t\t\t<div class=\"elementor-container elementor-column-gap-no\">\n\t\t\t\t\t<div class=\"elementor-column elementor-col-50 elementor-top-column elementor-element elementor-element-6c59c324\" data-id=\"6c59c324\" data-element_type=\"column\" data-e-type=\"column\">\n\t\t\t<div class=\"elementor-widget-wrap elementor-element-populated\">\n\t\t\t\t\t\t<div class=\"elementor-element elementor-element-6089f304 elementor-widget elementor-widget-heading\" data-id=\"6089f304\" data-element_type=\"widget\" data-e-type=\"widget\" data-widget_type=\"heading.default\">\n\t\t\t\t<div class=\"elementor-widget-container\">\n\t\t\t\t\t<h4 class=\"elementor-heading-title elementor-size-default\">KO Technik Sp. z o. o.<\/h4>\t\t\t\t<\/div>\n\t\t\t\t<\/div>\n\t\t\t\t<div class=\"elementor-element elementor-element-4e3451e9 elementor-widget elementor-widget-text-editor\" data-id=\"4e3451e9\" data-element_type=\"widget\" data-e-type=\"widget\" data-widget_type=\"text-editor.default\">\n\t\t\t\t<div class=\"elementor-widget-container\">\n\t\t\t\t\t\t\t\t\t<p>Nasza dzia\u0142alno\u015b\u0107 rozpocz\u0119\u0142a si\u0119 od hurtowego i detalicznego handlu oknami i artyku\u0142ami pochodnymi. Po 10 latach prowadzenia jednoosobowej dzia\u0142alno\u015bci gospodarczej postanowili\u015bmy zawi\u0105za\u0107 Sp. z o. o. Od pa\u017adziernika 2018 dzia\u0142amy jako sp\u00f3\u0142ka z wi\u0119kszym naciskiem na produkcj\u0119, sprzeda\u017c bram oraz ich monta\u017c.\u00a0<\/p>\t\t\t\t\t\t\t\t<\/div>\n\t\t\t\t<\/div>\n\t\t\t\t<div class=\"elementor-element elementor-element-e3048c2 elementor-align-left elementor-mobile-align-center elementor-widget elementor-widget-button\" data-id=\"e3048c2\" data-element_type=\"widget\" data-e-type=\"widget\" data-widget_type=\"button.default\">\n\t\t\t\t<div class=\"elementor-widget-container\">\n\t\t\t\t\t\t\t\t\t<div class=\"elementor-button-wrapper\">\n\t\t\t\t\t<a class=\"elementor-button elementor-button-link elementor-size-sm\" href=\"http:\/\/www.ko-remonty.pl\/oferta\">\n\t\t\t\t\t\t<span class=\"elementor-button-content-wrapper\">\n\t\t\t\t\t\t<span class=\"elementor-button-icon\">\n\t\t\t\t\t\t\t\t\t<i class=\"fa fa-info-circle\" aria-hidden=\"true\"><\/i>\n\t\t\t\t\t\t\t<\/span>\n\t\t\t\t\t\t\t\t\t<span class=\"elementor-button-text\">PE\u0141NA OFERTA<\/span>\n\t\t\t\t\t<\/span>\n\t\t\t\t\t<\/a>\n\t\t\t\t<\/div>\n\t\t\t\t\t\t\t\t<\/div>\n\t\t\t\t<\/div>\n\t\t\t\t<div class=\"elementor-element elementor-element-e722c72 elementor-align-left elementor-mobile-align-center elementor-widget elementor-widget-button\" data-id=\"e722c72\" data-element_type=\"widget\" data-e-type=\"widget\" data-widget_type=\"button.default\">\n\t\t\t\t<div class=\"elementor-widget-container\">\n\t\t\t\t\t\t\t\t\t<div class=\"elementor-button-wrapper\">\n\t\t\t\t\t<a class=\"elementor-button elementor-button-link elementor-size-sm\" href=\"https:\/\/first-doors.com\">\n\t\t\t\t\t\t<span class=\"elementor-button-content-wrapper\">\n\t\t\t\t\t\t<span class=\"elementor-button-icon\">\n\t\t\t\t\t\t\t\t\t<i class=\"fa fa-info-circle\" aria-hidden=\"true\"><\/i>\n\t\t\t\t\t\t\t<\/span>\n\t\t\t\t\t\t\t\t\t<span class=\"elementor-button-text\">KREATOR BRAM<\/span>\n\t\t\t\t\t<\/span>\n\t\t\t\t\t<\/a>\n\t\t\t\t<\/div>\n\t\t\t\t\t\t\t\t<\/div>\n\t\t\t\t<\/div>\n\t\t\t\t\t<\/div>\n\t\t<\/div>\n\t\t\t\t<div class=\"elementor-column elementor-col-50 elementor-top-column elementor-element elementor-element-17e6f698\" data-id=\"17e6f698\" data-element_type=\"column\" data-e-type=\"column\">\n\t\t\t<div class=\"elementor-widget-wrap elementor-element-populated\">\n\t\t\t\t\t\t<div class=\"elementor-element elementor-element-6667521e elementor-widget elementor-widget-image\" data-id=\"6667521e\" data-element_type=\"widget\" data-e-type=\"widget\" data-widget_type=\"image.default\">\n\t\t\t\t<div class=\"elementor-widget-container\">\n\t\t\t\t\t\t\t\t\t\t\t\t\t\t\t<img fetchpriority=\"high\" decoding=\"async\" width=\"1600\" height=\"1200\" src=\"https:\/\/ko-remonty.pl\/wp-content\/uploads\/2021\/04\/6mahonszerokie.jpg\" class=\"attachment-full size-full wp-image-652\" alt=\"\" srcset=\"https:\/\/ko-remonty.pl\/wp-content\/uploads\/2021\/04\/6mahonszerokie.jpg 1600w, https:\/\/ko-remonty.pl\/wp-content\/uploads\/2021\/04\/6mahonszerokie-300x225.jpg 300w, https:\/\/ko-remonty.pl\/wp-content\/uploads\/2021\/04\/6mahonszerokie-1024x768.jpg 1024w, https:\/\/ko-remonty.pl\/wp-content\/uploads\/2021\/04\/6mahonszerokie-768x576.jpg 768w, https:\/\/ko-remonty.pl\/wp-content\/uploads\/2021\/04\/6mahonszerokie-1536x1152.jpg 1536w, https:\/\/ko-remonty.pl\/wp-content\/uploads\/2021\/04\/6mahonszerokie-600x450.jpg 600w\" sizes=\"(max-width: 1600px) 100vw, 1600px\" \/>\t\t\t\t\t\t\t\t\t\t\t\t\t\t\t<\/div>\n\t\t\t\t<\/div>\n\t\t\t\t\t<\/div>\n\t\t<\/div>\n\t\t\t\t\t<\/div>\n\t\t<\/section>\n\t\t\t\t<section class=\"elementor-section elementor-top-section elementor-element elementor-element-6f55b4a elementor-section-boxed elementor-section-height-default elementor-section-height-default\" data-id=\"6f55b4a\" data-element_type=\"section\" data-e-type=\"section\">\n\t\t\t\t\t\t<div class=\"elementor-container elementor-column-gap-default\">\n\t\t\t\t\t<div class=\"elementor-column elementor-col-100 elementor-top-column elementor-element elementor-element-265092f\" data-id=\"265092f\" data-element_type=\"column\" data-e-type=\"column\">\n\t\t\t<div class=\"elementor-widget-wrap elementor-element-populated\">\n\t\t\t\t\t\t<div class=\"elementor-element elementor-element-c3149b9 elementor-widget elementor-widget-heading\" data-id=\"c3149b9\" data-element_type=\"widget\" data-e-type=\"widget\" data-widget_type=\"heading.default\">\n\t\t\t\t<div class=\"elementor-widget-container\">\n\t\t\t\t\t<h2 class=\"elementor-heading-title elementor-size-large\">Partnerzy<\/h2>\t\t\t\t<\/div>\n\t\t\t\t<\/div>\n\t\t\t\t<div class=\"elementor-element elementor-element-766f9b8 elementor-pagination-position-outside elementor-widget elementor-widget-image-carousel\" data-id=\"766f9b8\" data-element_type=\"widget\" data-e-type=\"widget\" data-settings=\"{&quot;slides_to_show&quot;:&quot;6&quot;,&quot;navigation&quot;:&quot;dots&quot;,&quot;autoplay_speed&quot;:3500,&quot;autoplay&quot;:&quot;yes&quot;,&quot;pause_on_hover&quot;:&quot;yes&quot;,&quot;pause_on_interaction&quot;:&quot;yes&quot;,&quot;infinite&quot;:&quot;yes&quot;,&quot;speed&quot;:500,&quot;image_spacing_custom&quot;:{&quot;unit&quot;:&quot;px&quot;,&quot;size&quot;:20,&quot;sizes&quot;:[]},&quot;image_spacing_custom_tablet&quot;:{&quot;unit&quot;:&quot;px&quot;,&quot;size&quot;:&quot;&quot;,&quot;sizes&quot;:[]},&quot;image_spacing_custom_mobile&quot;:{&quot;unit&quot;:&quot;px&quot;,&quot;size&quot;:&quot;&quot;,&quot;sizes&quot;:[]}}\" data-widget_type=\"image-carousel.default\">\n\t\t\t\t<div class=\"elementor-widget-container\">\n\t\t\t\t\t\t\t<div class=\"elementor-image-carousel-wrapper swiper\" role=\"region\" aria-roledescription=\"carousel\" aria-label=\"Karuzela obrazk\u00f3w\" dir=\"ltr\">\n\t\t\t<div class=\"elementor-image-carousel swiper-wrapper\" aria-live=\"off\">\n\t\t\t\t\t\t\t\t<div class=\"swiper-slide\" role=\"group\" aria-roledescription=\"slide\" aria-label=\"1 z 12\"><figure class=\"swiper-slide-inner\"><img decoding=\"async\" class=\"swiper-slide-image\" src=\"http:\/\/ko.xon.pl\/wp-content\/uploads\/2019\/05\/4.jpg\" alt=\"\" \/><\/figure><\/div><div class=\"swiper-slide\" role=\"group\" aria-roledescription=\"slide\" aria-label=\"2 z 12\"><figure class=\"swiper-slide-inner\"><img decoding=\"async\" class=\"swiper-slide-image\" src=\"https:\/\/ko-remonty.pl\/wp-content\/uploads\/2019\/05\/5-300x300.jpg\" alt=\"5\" \/><\/figure><\/div><div class=\"swiper-slide\" role=\"group\" aria-roledescription=\"slide\" aria-label=\"3 z 12\"><figure class=\"swiper-slide-inner\"><img decoding=\"async\" class=\"swiper-slide-image\" src=\"https:\/\/ko-remonty.pl\/wp-content\/uploads\/2019\/05\/15-300x300.jpg\" alt=\"15\" \/><\/figure><\/div><div class=\"swiper-slide\" role=\"group\" aria-roledescription=\"slide\" aria-label=\"4 z 12\"><figure class=\"swiper-slide-inner\"><img decoding=\"async\" class=\"swiper-slide-image\" src=\"https:\/\/ko-remonty.pl\/wp-content\/uploads\/2019\/05\/14-300x300.jpg\" alt=\"14\" \/><\/figure><\/div><div class=\"swiper-slide\" role=\"group\" aria-roledescription=\"slide\" aria-label=\"5 z 12\"><figure class=\"swiper-slide-inner\"><img decoding=\"async\" class=\"swiper-slide-image\" src=\"https:\/\/ko-remonty.pl\/wp-content\/uploads\/2019\/05\/12-300x300.jpg\" alt=\"12\" \/><\/figure><\/div><div class=\"swiper-slide\" role=\"group\" aria-roledescription=\"slide\" aria-label=\"6 z 12\"><figure class=\"swiper-slide-inner\"><img decoding=\"async\" class=\"swiper-slide-image\" src=\"https:\/\/ko-remonty.pl\/wp-content\/uploads\/2019\/05\/8-300x300.jpg\" alt=\"8\" \/><\/figure><\/div><div class=\"swiper-slide\" role=\"group\" aria-roledescription=\"slide\" aria-label=\"7 z 12\"><figure class=\"swiper-slide-inner\"><img decoding=\"async\" class=\"swiper-slide-image\" src=\"https:\/\/ko-remonty.pl\/wp-content\/uploads\/2019\/05\/10-300x300.jpg\" alt=\"10\" \/><\/figure><\/div><div class=\"swiper-slide\" role=\"group\" aria-roledescription=\"slide\" aria-label=\"8 z 12\"><figure class=\"swiper-slide-inner\"><img decoding=\"async\" class=\"swiper-slide-image\" src=\"https:\/\/ko-remonty.pl\/wp-content\/uploads\/2019\/05\/11-300x300.jpg\" alt=\"11\" \/><\/figure><\/div><div class=\"swiper-slide\" role=\"group\" aria-roledescription=\"slide\" aria-label=\"9 z 12\"><figure class=\"swiper-slide-inner\"><img decoding=\"async\" class=\"swiper-slide-image\" src=\"https:\/\/ko-remonty.pl\/wp-content\/uploads\/2019\/05\/3-300x300.jpg\" alt=\"3\" \/><\/figure><\/div><div class=\"swiper-slide\" role=\"group\" aria-roledescription=\"slide\" aria-label=\"10 z 12\"><figure class=\"swiper-slide-inner\"><img decoding=\"async\" class=\"swiper-slide-image\" src=\"https:\/\/ko-remonty.pl\/wp-content\/uploads\/2019\/05\/13-300x300.jpg\" alt=\"13\" \/><\/figure><\/div><div class=\"swiper-slide\" role=\"group\" aria-roledescription=\"slide\" aria-label=\"11 z 12\"><figure class=\"swiper-slide-inner\"><img decoding=\"async\" class=\"swiper-slide-image\" src=\"https:\/\/ko-remonty.pl\/wp-content\/uploads\/2019\/05\/9-300x300.jpg\" alt=\"9\" \/><\/figure><\/div><div class=\"swiper-slide\" role=\"group\" aria-roledescription=\"slide\" aria-label=\"12 z 12\"><figure class=\"swiper-slide-inner\"><img decoding=\"async\" class=\"swiper-slide-image\" src=\"https:\/\/ko-remonty.pl\/wp-content\/uploads\/2019\/05\/7-300x300.jpg\" alt=\"7\" \/><\/figure><\/div>\t\t\t<\/div>\n\t\t\t\t\t\t\t\n\t\t\t\t\t\t\t\t\t<div class=\"swiper-pagination\"><\/div>\n\t\t\t\t\t\t\t\t\t<\/div>\n\t\t\t\t\t\t<\/div>\n\t\t\t\t<\/div>\n\t\t\t\t\t<\/div>\n\t\t<\/div>\n\t\t\t\t\t<\/div>\n\t\t<\/section>\n\t\t\t\t<\/div>\n\t\t","protected":false},"excerpt":{"rendered":"<p>O NAS KO Technik Sp. z o. o. Nasza dzia\u0142alno\u015b\u0107 rozpocz\u0119\u0142a si\u0119 od hurtowego i detalicznego handlu oknami i artyku\u0142ami pochodnymi. Po 10 latach prowadzenia jednoosobowej dzia\u0142alno\u015bci gospodarczej postanowili\u015bmy zawi\u0105za\u0107 Sp. z o. o. Od pa\u017adziernika 2018 dzia\u0142amy jako sp\u00f3\u0142ka z wi\u0119kszym naciskiem na produkcj\u0119, sprzeda\u017c bram oraz ich monta\u017c.\u00a0 PE\u0141NA OFERTA KREATOR BRAM Partnerzy<\/p>","protected":false},"author":3,"featured_media":0,"parent":0,"menu_order":0,"comment_status":"closed","ping_status":"closed","template":"elementor_header_footer","meta":{"site-sidebar-layout":"no-sidebar","site-content-layout":"page-builder","ast-site-content-layout":"default","site-content-style":"default","site-sidebar-style":"default","ast-global-header-display":"","ast-banner-title-visibility":"","ast-main-header-display":"","ast-hfb-above-header-display":"","ast-hfb-below-header-display":"","ast-hfb-mobile-header-display":"","site-post-title":"disabled","ast-breadcrumbs-content":"","ast-featured-img":"disabled","footer-sml-layout":"","ast-disable-related-posts":"","theme-transparent-header-meta":"default","adv-header-id-meta":"","stick-header-meta":"","header-above-stick-meta":"","header-main-stick-meta":"","header-below-stick-meta":"","astra-migrate-meta-layouts":"default","ast-page-background-enabled":"default","ast-page-background-meta":{"desktop":{"background-color":"var(--ast-global-color-4)","background-image":"","background-repeat":"repeat","background-position":"center center","background-size":"auto","background-attachment":"scroll","background-type":"","background-media":"","overlay-type":"","overlay-color":"","overlay-opacity":"","overlay-gradient":""},"tablet":{"background-color":"","background-image":"","background-repeat":"repeat","background-position":"center center","background-size":"auto","background-attachment":"scroll","background-type":"","background-media":"","overlay-type":"","overlay-color":"","overlay-opacity":"","overlay-gradient":""},"mobile":{"background-color":"","background-image":"","background-repeat":"repeat","background-position":"center center","background-size":"auto","background-attachment":"scroll","background-type":"","background-media":"","overlay-type":"","overlay-color":"","overlay-opacity":"","overlay-gradient":""}},"ast-content-background-meta":{"desktop":{"background-color":"var(--ast-global-color-5)","background-image":"","background-repeat":"repeat","background-position":"center center","background-size":"auto","background-attachment":"scroll","background-type":"","background-media":"","overlay-type":"","overlay-color":"","overlay-opacity":"","overlay-gradient":""},"tablet":{"background-color":"var(--ast-global-color-5)","background-image":"","background-repeat":"repeat","background-position":"center center","background-size":"auto","background-attachment":"scroll","background-type":"","background-media":"","overlay-type":"","overlay-color":"","overlay-opacity":"","overlay-gradient":""},"mobile":{"background-color":"var(--ast-global-color-5)","background-image":"","background-repeat":"repeat","background-position":"center center","background-size":"auto","background-attachment":"scroll","background-type":"","background-media":"","overlay-type":"","overlay-color":"","overlay-opacity":"","overlay-gradient":""}},"footnotes":""},"class_list":["post-98","page","type-page","status-publish","hentry"],"yoast_head":"<!-- This site is optimized with the Yoast SEO plugin v27.1.1 - https:\/\/yoast.com\/product\/yoast-seo-wordpress\/ -->\n<title>O Nas - KO-TECHNIK<\/title>\n<meta name=\"robots\" content=\"index, follow, max-snippet:-1, max-image-preview:large, max-video-preview:-1\" \/>\n<link rel=\"canonical\" href=\"https:\/\/ko-remonty.pl\/cs\/o-nas\/\" \/>\n<meta property=\"og:locale\" content=\"cs_CZ\" \/>\n<meta property=\"og:type\" content=\"article\" \/>\n<meta property=\"og:title\" content=\"O Nas - KO-TECHNIK\" \/>\n<meta property=\"og:description\" content=\"O NAS KO Technik Sp. z o. o. Nasza dzia\u0142alno\u015b\u0107 rozpocz\u0119\u0142a si\u0119 od hurtowego i detalicznego handlu oknami i artyku\u0142ami pochodnymi. Po 10 latach prowadzenia jednoosobowej dzia\u0142alno\u015bci gospodarczej postanowili\u015bmy zawi\u0105za\u0107 Sp. z o. o. Od pa\u017adziernika 2018 dzia\u0142amy jako sp\u00f3\u0142ka z wi\u0119kszym naciskiem na produkcj\u0119, sprzeda\u017c bram oraz ich monta\u017c.\u00a0 PE\u0141NA OFERTA KREATOR BRAM Partnerzy\" \/>\n<meta property=\"og:url\" content=\"https:\/\/ko-remonty.pl\/cs\/o-nas\/\" \/>\n<meta property=\"og:site_name\" content=\"KO-TECHNIK\" \/>\n<meta property=\"article:modified_time\" content=\"2021-05-22T08:59:31+00:00\" \/>\n<meta property=\"og:image\" content=\"http:\/\/ko-remonty.pl\/wp-content\/uploads\/2021\/04\/6mahonszerokie.jpg\" \/>\n<meta name=\"twitter:card\" content=\"summary_large_image\" \/>\n<meta name=\"twitter:label1\" content=\"Odhadovan\u00e1 doba \u010dten\u00ed\" \/>\n\t<meta name=\"twitter:data1\" content=\"6 minut\" \/>\n<script type=\"application\/ld+json\" class=\"yoast-schema-graph\">{\"@context\":\"https:\/\/schema.org\",\"@graph\":[{\"@type\":\"WebPage\",\"@id\":\"https:\/\/ko-remonty.pl\/o-nas\/\",\"url\":\"https:\/\/ko-remonty.pl\/o-nas\/\",\"name\":\"O Nas - KO-TECHNIK\",\"isPartOf\":{\"@id\":\"https:\/\/ko-remonty.pl\/#website\"},\"primaryImageOfPage\":{\"@id\":\"https:\/\/ko-remonty.pl\/o-nas\/#primaryimage\"},\"image\":{\"@id\":\"https:\/\/ko-remonty.pl\/o-nas\/#primaryimage\"},\"thumbnailUrl\":\"http:\/\/ko-remonty.pl\/wp-content\/uploads\/2021\/04\/6mahonszerokie.jpg\",\"datePublished\":\"2019-05-21T16:38:26+00:00\",\"dateModified\":\"2021-05-22T08:59:31+00:00\",\"breadcrumb\":{\"@id\":\"https:\/\/ko-remonty.pl\/o-nas\/#breadcrumb\"},\"inLanguage\":\"cs\",\"potentialAction\":[{\"@type\":\"ReadAction\",\"target\":[\"https:\/\/ko-remonty.pl\/o-nas\/\"]}]},{\"@type\":\"ImageObject\",\"inLanguage\":\"cs\",\"@id\":\"https:\/\/ko-remonty.pl\/o-nas\/#primaryimage\",\"url\":\"http:\/\/ko-remonty.pl\/wp-content\/uploads\/2021\/04\/6mahonszerokie.jpg\",\"contentUrl\":\"http:\/\/ko-remonty.pl\/wp-content\/uploads\/2021\/04\/6mahonszerokie.jpg\"},{\"@type\":\"BreadcrumbList\",\"@id\":\"https:\/\/ko-remonty.pl\/o-nas\/#breadcrumb\",\"itemListElement\":[{\"@type\":\"ListItem\",\"position\":1,\"name\":\"Strona g\u0142\u00f3wna\",\"item\":\"https:\/\/ko-remonty.pl\/\"},{\"@type\":\"ListItem\",\"position\":2,\"name\":\"O Nas\"}]},{\"@type\":\"WebSite\",\"@id\":\"https:\/\/ko-remonty.pl\/#website\",\"url\":\"https:\/\/ko-remonty.pl\/\",\"name\":\"KO-TECHNIK\",\"description\":\"Bramy, Okna, Drzwi, Rolety, Serwis\",\"potentialAction\":[{\"@type\":\"SearchAction\",\"target\":{\"@type\":\"EntryPoint\",\"urlTemplate\":\"https:\/\/ko-remonty.pl\/?s={search_term_string}\"},\"query-input\":{\"@type\":\"PropertyValueSpecification\",\"valueRequired\":true,\"valueName\":\"search_term_string\"}}],\"inLanguage\":\"cs\"}]}<\/script>\n<!-- \/ Yoast SEO plugin. -->","yoast_head_json":{"title":"O Nas - KO-TECHNIK","robots":{"index":"index","follow":"follow","max-snippet":"max-snippet:-1","max-image-preview":"max-image-preview:large","max-video-preview":"max-video-preview:-1"},"canonical":"https:\/\/ko-remonty.pl\/cs\/o-nas\/","og_locale":"cs_CZ","og_type":"article","og_title":"O Nas - KO-TECHNIK","og_description":"O NAS KO Technik Sp. z o. o. Nasza dzia\u0142alno\u015b\u0107 rozpocz\u0119\u0142a si\u0119 od hurtowego i detalicznego handlu oknami i artyku\u0142ami pochodnymi. Po 10 latach prowadzenia jednoosobowej dzia\u0142alno\u015bci gospodarczej postanowili\u015bmy zawi\u0105za\u0107 Sp. z o. o. Od pa\u017adziernika 2018 dzia\u0142amy jako sp\u00f3\u0142ka z wi\u0119kszym naciskiem na produkcj\u0119, sprzeda\u017c bram oraz ich monta\u017c.\u00a0 PE\u0141NA OFERTA KREATOR BRAM Partnerzy","og_url":"https:\/\/ko-remonty.pl\/cs\/o-nas\/","og_site_name":"KO-TECHNIK","article_modified_time":"2021-05-22T08:59:31+00:00","og_image":[{"url":"http:\/\/ko-remonty.pl\/wp-content\/uploads\/2021\/04\/6mahonszerokie.jpg","type":"","width":"","height":""}],"twitter_card":"summary_large_image","twitter_misc":{"Odhadovan\u00e1 doba \u010dten\u00ed":"6 minut"},"schema":{"@context":"https:\/\/schema.org","@graph":[{"@type":"WebPage","@id":"https:\/\/ko-remonty.pl\/o-nas\/","url":"https:\/\/ko-remonty.pl\/o-nas\/","name":"O Nas - KO-TECHNIK","isPartOf":{"@id":"https:\/\/ko-remonty.pl\/#website"},"primaryImageOfPage":{"@id":"https:\/\/ko-remonty.pl\/o-nas\/#primaryimage"},"image":{"@id":"https:\/\/ko-remonty.pl\/o-nas\/#primaryimage"},"thumbnailUrl":"http:\/\/ko-remonty.pl\/wp-content\/uploads\/2021\/04\/6mahonszerokie.jpg","datePublished":"2019-05-21T16:38:26+00:00","dateModified":"2021-05-22T08:59:31+00:00","breadcrumb":{"@id":"https:\/\/ko-remonty.pl\/o-nas\/#breadcrumb"},"inLanguage":"cs","potentialAction":[{"@type":"ReadAction","target":["https:\/\/ko-remonty.pl\/o-nas\/"]}]},{"@type":"ImageObject","inLanguage":"cs","@id":"https:\/\/ko-remonty.pl\/o-nas\/#primaryimage","url":"http:\/\/ko-remonty.pl\/wp-content\/uploads\/2021\/04\/6mahonszerokie.jpg","contentUrl":"http:\/\/ko-remonty.pl\/wp-content\/uploads\/2021\/04\/6mahonszerokie.jpg"},{"@type":"BreadcrumbList","@id":"https:\/\/ko-remonty.pl\/o-nas\/#breadcrumb","itemListElement":[{"@type":"ListItem","position":1,"name":"Strona g\u0142\u00f3wna","item":"https:\/\/ko-remonty.pl\/"},{"@type":"ListItem","position":2,"name":"O Nas"}]},{"@type":"WebSite","@id":"https:\/\/ko-remonty.pl\/#website","url":"https:\/\/ko-remonty.pl\/","name":"ODBORN\u00cdCI OD N\u00c1RODN\u00cdCH \u00daKOL\u016e","description":"Bramy, Okna, Drzwi, Rolety, Serwis","potentialAction":[{"@type":"SearchAction","target":{"@type":"EntryPoint","urlTemplate":"https:\/\/ko-remonty.pl\/?s={search_term_string}"},"query-input":{"@type":"PropertyValueSpecification","valueRequired":true,"valueName":"search_term_string"}}],"inLanguage":"cs"}]}},"_links":{"self":[{"href":"https:\/\/ko-remonty.pl\/cs\/wp-json\/wp\/v2\/pages\/98","targetHints":{"allow":["GET"]}}],"collection":[{"href":"https:\/\/ko-remonty.pl\/cs\/wp-json\/wp\/v2\/pages"}],"about":[{"href":"https:\/\/ko-remonty.pl\/cs\/wp-json\/wp\/v2\/types\/page"}],"author":[{"embeddable":true,"href":"https:\/\/ko-remonty.pl\/cs\/wp-json\/wp\/v2\/users\/3"}],"replies":[{"embeddable":true,"href":"https:\/\/ko-remonty.pl\/cs\/wp-json\/wp\/v2\/comments?post=98"}],"version-history":[{"count":14,"href":"https:\/\/ko-remonty.pl\/cs\/wp-json\/wp\/v2\/pages\/98\/revisions"}],"predecessor-version":[{"id":672,"href":"https:\/\/ko-remonty.pl\/cs\/wp-json\/wp\/v2\/pages\/98\/revisions\/672"}],"wp:attachment":[{"href":"https:\/\/ko-remonty.pl\/cs\/wp-json\/wp\/v2\/media?parent=98"}],"curies":[{"name":"wp","href":"https:\/\/api.w.org\/{rel}","templated":true}]}}